{"id":156,"date":"2013-11-20T21:09:21","date_gmt":"2013-11-20T21:09:21","guid":{"rendered":"http:\/\/chateau-de-villers-en-champagne.nl\/?page_id=156"},"modified":"2014-03-01T19:32:52","modified_gmt":"2014-03-01T19:32:52","slug":"chateau-park-en-zwembad","status":"publish","type":"page","link":"https:\/\/chateau-de-villers-en-champagne.nl\/de\/chateau-park-en-zwembad\/","title":{"rendered":"Schloss, Park und Schwimmbad"},"content":{"rendered":"<p><img decoding=\"async\" alt=\"\" src=\"http:\/\/chateau-de-villers-en-champagne.nl\/wp-content\/uploads\/Le-chateau-Villers-circa-1900.jpg\" width=\"690\" \/><br \/>\nDas Shloss rund 1900<\/p>\n<p><img loading=\"lazy\" decoding=\"async\" alt=\"\" src=\"http:\/\/chateau-de-villers-en-champagne.nl\/wp-content\/uploads\/CIMG2230bis.jpg\" width=\"690\" height=\"518\" \/><br \/>\nDas Schloss heute<\/p>\n<p><img loading=\"lazy\" decoding=\"async\" alt=\"\" src=\"http:\/\/chateau-de-villers-en-champagne.nl\/wp-content\/uploads\/DSCN0174bis.jpg\" width=\"690\" height=\"518\" \/><br \/>\nDas Schwimmbad (ohne \u00dcberdeckung)<\/p>\n<p><img loading=\"lazy\" decoding=\"async\" alt=\"\" src=\"http:\/\/chateau-de-villers-en-champagne.nl\/wp-content\/uploads\/zwembad2.jpg\" width=\"690\" height=\"413\" \/><br \/>\nDas Schwimmbad (mit \u00dcberdeckung)<\/p>\n<p><img loading=\"lazy\" decoding=\"async\" alt=\"\" src=\"http:\/\/chateau-de-villers-en-champagne.nl\/wp-content\/uploads\/LAST_PICTURES_VILLERS_STRASBOURG_053.jpg\" width=\"690\" height=\"518\" \/><br \/>\nSicht auf Park und pigeonnier<\/p>\n<p><img loading=\"lazy\" decoding=\"async\" alt=\"\" src=\"http:\/\/chateau-de-villers-en-champagne.nl\/wp-content\/uploads\/844bis.jpg\" width=\"690\" height=\"920\" \/><br \/>\n&#8222;Faux \u00eatre&#8220;. Eine sehr besondere Baumart . Es gibt zwei davon im Park.<\/p>\n<p><img loading=\"lazy\" decoding=\"async\" alt=\"\" src=\"http:\/\/chateau-de-villers-en-champagne.nl\/wp-content\/uploads\/941bis.jpg\" width=\"690\" height=\"920\" \/><br \/>\n&#8222;Faux \u00eatre&#8220;<\/p>","protected":false},"excerpt":{"rendered":"<p>Das Shloss rund 1900 Das Schloss heute Das Schwimmbad (ohne \u00dcberdeckung) Das Schwimmbad (mit \u00dcberdeckung) Sicht auf Park und pigeonnier &#8222;Faux \u00eatre&#8220;. Eine sehr besondere Baumart . Es gibt zwei davon im Park. &#8222;Faux \u00eatre&#8220;<\/p>\n <a class=\"more-link\" href=\"https:\/\/chateau-de-villers-en-champagne.nl\/de\/chateau-park-en-zwembad\/\"><span class=\"more-msg\">Weiterlesen &rarr;<\/span><\/a>","protected":false},"author":1,"featured_media":0,"parent":0,"menu_order":0,"comment_status":"closed","ping_status":"closed","template":"","meta":{"footnotes":""},"class_list":["post-156","page","type-page","status-publish","hentry"],"_links":{"self":[{"href":"https:\/\/chateau-de-villers-en-champagne.nl\/de\/wp-json\/wp\/v2\/pages\/156","targetHints":{"allow":["GET"]}}],"collection":[{"href":"https:\/\/chateau-de-villers-en-champagne.nl\/de\/wp-json\/wp\/v2\/pages"}],"about":[{"href":"https:\/\/chateau-de-villers-en-champagne.nl\/de\/wp-json\/wp\/v2\/types\/page"}],"author":[{"embeddable":true,"href":"https:\/\/chateau-de-villers-en-champagne.nl\/de\/wp-json\/wp\/v2\/users\/1"}],"replies":[{"embeddable":true,"href":"https:\/\/chateau-de-villers-en-champagne.nl\/de\/wp-json\/wp\/v2\/comments?post=156"}],"version-history":[{"count":7,"href":"https:\/\/chateau-de-villers-en-champagne.nl\/de\/wp-json\/wp\/v2\/pages\/156\/revisions"}],"predecessor-version":[{"id":159,"href":"https:\/\/chateau-de-villers-en-champagne.nl\/de\/wp-json\/wp\/v2\/pages\/156\/revisions\/159"}],"wp:attachment":[{"href":"https:\/\/chateau-de-villers-en-champagne.nl\/de\/wp-json\/wp\/v2\/media?parent=156"}],"curies":[{"name":"wp","href":"https:\/\/api.w.org\/{rel}","templated":true}]}}