{"id":177,"date":"2013-11-23T16:28:06","date_gmt":"2013-11-23T16:28:06","guid":{"rendered":"http:\/\/chateau-de-villers-en-champagne.nl\/?page_id=177"},"modified":"2014-03-10T10:46:10","modified_gmt":"2014-03-10T09:46:10","slug":"het-landgoed","status":"publish","type":"page","link":"https:\/\/chateau-de-villers-en-champagne.nl\/de\/het-landgoed\/","title":{"rendered":"Das Landgut"},"content":{"rendered":"<p><\/p>\n<p style=\"color: #003377; line-height: 140%;\" align=\"center\"><img loading=\"lazy\" decoding=\"async\" style=\"width: 654px; height: 452px;\" alt=\"\" src=\"http:\/\/chateau-de-villers-en-champagne.nl\/wp-content\/uploads\/Chateau_de_Villers._An_aquarel_impression_1.jpg\" width=\"654\" height=\"452\" border=\"0\" \/><\/p>\n<p style=\"color: #003377; line-height: 140%;\" align=\"right\">Chateau de Villers. Aquarelle<\/p>\n<p>CHAMPAGNE: zu mieten Jagdhaus, Teil eines Gutes von 6 ha mit Park, St\u00e4lle und andere Geb\u00e4ude, und ein Schloss (XVI\u00b0 \/ XVIII\u00b0 Jahrhundert), das mehr als drei Jahrhunderte der Familie Adelbert von Chamisso geh\u00f6rte, einer der ausgezeichnetsten deutschen aber hier in Frankreich, ganz in der Nahe ( Schloss Boncourt) geborenen Dichters(1781-1838), ber\u00fchmter Naturforscher und Weltumsegler, Sch\u00f6pfer von &#8222;Peter Schlemihls Wundersame Geschichte.&#8220;<\/p>\n<p>Lage: 9 km von Ste M\u00e9n\u00e9hould, 35 km von Ch\u00e2lons en Champagne, 45 km von Verdun in Lothringen, 80 km von Reims, 200 km von Paris.<\/p>\n<p>Im Herzen des historischen und (1914-1918) krieggeschichtlich bedeutenden Argonne-Waldes.<\/p>\n<p>Das Jagdhaus (mit zwei unabh\u00e4ngigen Wohnungen, Ostfl\u00fcgel und Westfl\u00fcgel, separat oder zusammen zu mieten) ist luxuri\u00f6s restauriert, mit antik Mobiliar und allem modernen Zubeh\u00f6r, Garten mobiliar, Spiele, Ping Pong, Fahrrate (3 &#8211; 18 Jahr) und Barbecues.<\/p>\n<p><a href=\"http:\/\/www.fewo-direkt.de\/ferienwohnung-ferienhaus\/p2007128\" target=\"_blank\">http:\/\/www.fewo-direkt.de\/ferienwohnung-ferienhaus\/p2007128<\/a><\/p>\n<p>und<\/p>\n<p><a href=\"http:\/\/www.fewo-direkt.de\/\" target=\"_blank\">http:\/\/www.fewo-direkt.de\/<\/a><\/p>\n<p> <img loading=\"lazy\" decoding=\"async\" alt=\"\" src=\"http:\/\/chateau-de-villers-en-champagne.nl\/wp-content\/uploads\/14_acc__s_au_domaine_portail_des_lions.jpg\" width=\"690\" height=\"518\" border=\"0\" \/><br \/>\nGate of lions. Entrance to the estate<\/p>\n<p><img loading=\"lazy\" decoding=\"async\" alt=\"\" src=\"http:\/\/chateau-de-villers-en-champagne.nl\/wp-content\/uploads\/16_Acc__s_au_parc__portail_des_sangliers.jpg\" width=\"690\" height=\"518\" border=\"0\" \/><br \/>\nGate of boars. View of the castle and access to swimming pool and castle park<\/p>\n<p><img loading=\"lazy\" decoding=\"async\"  alt=\"Villers castle in winter, 24-2-013 kopie\" src=\"http:\/\/chateau-de-villers-en-champagne.nl\/wp-content\/uploads\/Villers-castle-in-winter-24-2-013-kopie.jpg\" width=\"654\" height=\"491\" \/><br \/>\nVillers castle in winter<\/p>\n<p><img loading=\"lazy\" decoding=\"async\" alt=\"Hunting lodge children playground with picnic corner, 22-10-013 kopie\" src=\"http:\/\/chateau-de-villers-en-champagne.nl\/wp-content\/uploads\/Hunting-lodge-children-playground-with-picnic-corner-22-10-013-kopie.jpg\" width=\"654\" height=\"491\" \/><br \/>\nHunting lodge children playground with picnic corner<\/p>\n<p><img loading=\"lazy\" decoding=\"async\"  alt=\"Hunting lodge (right), garden with view on the horse stables, gar\u00e7onni\u00e8re (first floor Grand stable), house of the caretaker (in front above), 23-10-013\" src=\"http:\/\/chateau-de-villers-en-champagne.nl\/wp-content\/uploads\/Hunting-lodge-right-garden-with-view-on-the-horse-stables-gar\u00e7onni\u00e8re-first-floor-Grand-stable-house-of-the-caretaker-in-front-above-23-10-013.jpg\" width=\"654\" height=\"491\" \/><br \/>\nHunting lodge (right), garden with view on the horse stables, gar\u00e7onni\u00e8re (first floor Grand stable), house of the caretaker (in front above)<\/p>\n<p><img loading=\"lazy\" decoding=\"async\"  alt=\"Gate of Lions, main entrance to the estate kopie\" src=\"http:\/\/chateau-de-villers-en-champagne.nl\/wp-content\/uploads\/Gate-of-Lions-main-entrance-to-the-estate-kopie.jpg\" width=\"654\" height=\"491\" \/><br \/>\nGate of Lions, main entrance to the estate<\/p>\n<p><img loading=\"lazy\" decoding=\"async\" alt=\"Access alley (All\u00e9e de Chamisso) to castle with house of the caretaker to the left, 9-11-013 kopie\" src=\"http:\/\/chateau-de-villers-en-champagne.nl\/wp-content\/uploads\/Access-alley-All\u00e9e-de-Chamisso-to-castle-with-house-of-the-caretaker-to-the-left-9-11-013-kopie.jpg\" width=\"654\" height=\"491\" \/><br \/>\nAccess alley (All\u00e9e de Chamisso) to castle with house of the caretaker to the left<br \/>\n<\/p>","protected":false},"excerpt":{"rendered":"<p>Chateau de Villers. Aquarelle CHAMPAGNE: zu mieten Jagdhaus, Teil eines Gutes von 6 ha mit Park, St\u00e4lle und andere Geb\u00e4ude, und ein Schloss (XVI\u00b0 \/ XVIII\u00b0 Jahrhundert), das mehr als drei Jahrhunderte der Familie Adelbert von Chamisso geh\u00f6rte, einer der <span class=\"excerpt-dots\">&hellip;<\/span> <a class=\"more-link\" href=\"https:\/\/chateau-de-villers-en-champagne.nl\/de\/het-landgoed\/\"><span class=\"more-msg\">Weiterlesen &rarr;<\/span><\/a><\/p>\n","protected":false},"author":1,"featured_media":0,"parent":0,"menu_order":0,"comment_status":"closed","ping_status":"closed","template":"","meta":{"footnotes":""},"class_list":["post-177","page","type-page","status-publish","hentry"],"_links":{"self":[{"href":"https:\/\/chateau-de-villers-en-champagne.nl\/de\/wp-json\/wp\/v2\/pages\/177","targetHints":{"allow":["GET"]}}],"collection":[{"href":"https:\/\/chateau-de-villers-en-champagne.nl\/de\/wp-json\/wp\/v2\/pages"}],"about":[{"href":"https:\/\/chateau-de-villers-en-champagne.nl\/de\/wp-json\/wp\/v2\/types\/page"}],"author":[{"embeddable":true,"href":"https:\/\/chateau-de-villers-en-champagne.nl\/de\/wp-json\/wp\/v2\/users\/1"}],"replies":[{"embeddable":true,"href":"https:\/\/chateau-de-villers-en-champagne.nl\/de\/wp-json\/wp\/v2\/comments?post=177"}],"version-history":[{"count":22,"href":"https:\/\/chateau-de-villers-en-champagne.nl\/de\/wp-json\/wp\/v2\/pages\/177\/revisions"}],"predecessor-version":[{"id":180,"href":"https:\/\/chateau-de-villers-en-champagne.nl\/de\/wp-json\/wp\/v2\/pages\/177\/revisions\/180"}],"wp:attachment":[{"href":"https:\/\/chateau-de-villers-en-champagne.nl\/de\/wp-json\/wp\/v2\/media?parent=177"}],"curies":[{"name":"wp","href":"https:\/\/api.w.org\/{rel}","templated":true}]}}