{"id":263,"date":"2013-11-25T19:30:10","date_gmt":"2013-11-25T19:30:10","guid":{"rendered":"http:\/\/chateau-de-villers-en-champagne.nl\/?page_id=263"},"modified":"2019-09-02T15:14:47","modified_gmt":"2019-09-02T13:14:47","slug":"gastenboek-deel-i","status":"publish","type":"page","link":"https:\/\/chateau-de-villers-en-champagne.nl\/de\/gastenboek-deel-i\/","title":{"rendered":"G\u00e4stebuch"},"content":{"rendered":"<p>Damit Sie sich einen ersten Eindruck machen k\u00f6nnen, von einem Aufenthalt im Jagdhaus, finden Sie hier ein paar mehr Ausschnitte des G\u00e4stebuches (von deutchsprachige G\u00e4ste).<\/p>\n<p><strong>1) Westfl\u00fcgel 2\/8 &#8211; 9\/8, Die 4 Scheelhaasen aus Berlin.<\/strong><\/p>\n<p>Lieber Herr Landman, Vielen Dank f\u00fcr die sch\u00f6ne Zeit in Villers. Wir haben das schone Haus und die Ausfluge sehr genossen.<br \/>\nSehr interessant war f\u00fcr uns auch die kurze Einf\u00fchrung in das Leben von Chamisso und die Geschichte von Schlehmil. Alles Gute,<\/p>\n<p><strong>2) Ostfl\u00fcgel 3 &#8211; 10\/4 2010, Claudia Humel + Joachim; Karen + Olaf Hesse<\/strong><\/p>\n<p>Wir hatten hier eine wunderschone Woche !<\/p>\n<p><b>3)\u00a0<\/b><span style=\"font-weight: 600;\">Ostfl\u00fcgel<\/span><b>\u00a07 &#8211; 21 August 2010, Familie Heisswolf aus Karlsruhe<\/b><\/p>\n<p>Lieber Herr Landman, in dieser geschichtstrachtigen Gegend Urlaub machen zu d\u00fcrfen, ist schon ein gro\u00dfer Genuss. Aber dann auch noch ein derart geschmackvolles Ferienhaus bewohnen zu d\u00fcrfen&#8230;<\/p>\n<p>Au\u00dferdem bedanken wir uns f\u00fcr die nette F\u00fchrung am schloss durch Herr Landman personlich !!<\/p>\n<p><strong>4) Ostfl\u00fcgel 11 &#8211; 18\/8\/2012, Klaus, Gabi, Sarah, Anke Fr\u00f4lich aus Leipzig<\/strong><\/p>\n<p>Liebe fam. Landman! Eine sch\u00f4ne Urlaubswoche im liebevoll eingerichteten \u201cWestfl\u00fcgel\u201d neigt sich dem Ende. Wir hatten hier in den Anlagen des ehrw\u00fcrdigen Jagdschlosses erholsame stunden, aber auch im sehenswerten Chalons-en-Champagne und im immer wieder fascinierende Paris.<\/p>\n<p>Der nachhaltiger Erinnerrung jedoch bleibt die liebensw\u00fcrdige Gastfreundschaft und die grosze Hilfsbeeitheidschaft, die wir in unserem Falle dankend in Anspr\u00fcch nahmen (Autobatterie !)<\/p>\n<p>Beeindr\u00fcckt waren wir von der einzigartigen Parkanlage, die durch das Beleuchten des jahrhunderte alten Ba\u00fcmebestandes eindr\u00fccksvoll in Szene gesetzt w\u00fcrde. Wir w\u00fcnchen Fam. Landman noch viele g\u00fcte Ideen und eine gl\u00fcckliche Hand, damit dieses sch\u00f6ne Anwesen recht lange behalten bleibt.<\/p>\n<p>Fazit: Frankreich und speziel Villers-en-Argonne ist immer eine Reise Wert ! Herzlichst.<\/p>\n<p><strong>5) Westfl\u00fcgel 8 \u2013 20 Oktober 2012, Ulrich u. Sabine Herfurth, M\u00fchlheim an dem Ruhr<\/strong><\/p>\n<p>Genau so wie erhofft, konnten wir vom ersten Moment an die besondere Atmosph\u00e4re dieser wundersch\u00f6nen Unterkunft mit der combination aus antikem Interieur und allem modernem Komfort genieszen, welche \u00fcber ein herausragendes Preis-Leistungsverh\u00e4ltniss verf\u00fcgt.<\/p>\n<p>Ruhe u. Abgeschiedenheit in einer gesunden, unberuhrten Natur erm\u00f6glichten uns mit der vorbereiteten Gastfreundschaft Landman viel \u00fcber das reiche Kulturgut der Region zu lernen, in einer forme wie es sonst selten m\u00f6glich ist. Nancy mit seinem hochklassigen Kunstmuseum, aber auch stille Orte wie die Ermitage St Rouin waren die highlights unserer ausgedehnten Touren.<\/p>\n<p>Besonders sch\u00f6n auch die n\u00e4chtlige Illumination des Schloszparks. Eine Ehre war f\u00fcr uns die Einladung zur Besichtigung des Schloszes, wodurch uns nicht nur ein St\u00fcck franz\u00f6sischer Lebensart hautnah erlebbahr wurde, sondern auch das literarische Erbe von A de Chamisso greifbar erkl\u00e4rt war und wir Herrn Landman als enthusiastische Pionier f\u00fcr einem neuen Tourismus und vorbildlichen Vertreter im eigentlichen Sinne deutch-franz\u00f6sische Freunschaft kennen lernen konnten.<\/p>\n<p>Von diesen bewegenden Eindr\u00fccken u. Gef\u00fchlen nehmen wir gerne etwas in der Erinnerung mit zur\u00fcck und hoffen etwas davon weiter verbreiten zu k\u00f6nnen.<\/p>\n<p><strong>6) Ostfl\u00fcgel 15 \u2013 29 Juni 2013, Irene und Hubert Braun; Karin &amp; Philip Braun-M\u00fcller<\/strong><\/p>\n<p>Nun sind wir zum zweiten Mal hier in Ihrem Jagdhaus. Auch dieses Jahr haben wir wieder die wunderdsch\u00f6nen R\u00e4umlichkeiten und die Ruhe genossen.<\/p>\n<p>Die erste Woche konnten wir das traumhaft sch\u00f6ne \u201cpiscine\u201d bei Sonnenschein und 30 Graden n\u00fctzen. In der zweiten woche war es dann k\u00fchler, aber genau richtig, um die Umgebung und St\u00e4dte wie Reims, Epernay, Bar Le Duc, Chalons zu erkunden.<\/p>\n<p>Aber am meisten bleibt uns in der Erinnerung an unseren Urlaub Ihre Gastfreundlichkeit und die interessanten Gespr\u00e4che mit Ihnen.<\/p>","protected":false},"excerpt":{"rendered":"<p>Damit Sie sich einen ersten Eindruck machen k\u00f6nnen, von einem Aufenthalt im Jagdhaus, finden Sie hier ein paar mehr Ausschnitte des G\u00e4stebuches (von deutchsprachige G\u00e4ste). 1) Westfl\u00fcgel 2\/8 &#8211; 9\/8, Die 4 Scheelhaasen aus Berlin. Lieber Herr Landman, Vielen Dank <span class=\"excerpt-dots\">&hellip;<\/span> <a class=\"more-link\" href=\"https:\/\/chateau-de-villers-en-champagne.nl\/de\/gastenboek-deel-i\/\"><span class=\"more-msg\">Weiterlesen &rarr;<\/span><\/a><\/p>\n","protected":false},"author":1,"featured_media":0,"parent":0,"menu_order":0,"comment_status":"closed","ping_status":"closed","template":"","meta":{"footnotes":""},"class_list":["post-263","page","type-page","status-publish","hentry"],"_links":{"self":[{"href":"https:\/\/chateau-de-villers-en-champagne.nl\/de\/wp-json\/wp\/v2\/pages\/263","targetHints":{"allow":["GET"]}}],"collection":[{"href":"https:\/\/chateau-de-villers-en-champagne.nl\/de\/wp-json\/wp\/v2\/pages"}],"about":[{"href":"https:\/\/chateau-de-villers-en-champagne.nl\/de\/wp-json\/wp\/v2\/types\/page"}],"author":[{"embeddable":true,"href":"https:\/\/chateau-de-villers-en-champagne.nl\/de\/wp-json\/wp\/v2\/users\/1"}],"replies":[{"embeddable":true,"href":"https:\/\/chateau-de-villers-en-champagne.nl\/de\/wp-json\/wp\/v2\/comments?post=263"}],"version-history":[{"count":15,"href":"https:\/\/chateau-de-villers-en-champagne.nl\/de\/wp-json\/wp\/v2\/pages\/263\/revisions"}],"predecessor-version":[{"id":601,"href":"https:\/\/chateau-de-villers-en-champagne.nl\/de\/wp-json\/wp\/v2\/pages\/263\/revisions\/601"}],"wp:attachment":[{"href":"https:\/\/chateau-de-villers-en-champagne.nl\/de\/wp-json\/wp\/v2\/media?parent=263"}],"curies":[{"name":"wp","href":"https:\/\/api.w.org\/{rel}","templated":true}]}}