{"id":9,"date":"2013-11-20T19:08:51","date_gmt":"2013-11-20T19:08:51","guid":{"rendered":"http:\/\/chateau-de-villers-en-champagne.nl\/?page_id=9"},"modified":"2017-08-30T01:01:18","modified_gmt":"2017-08-29T23:01:18","slug":"homepage","status":"publish","type":"page","link":"https:\/\/chateau-de-villers-en-champagne.nl\/de\/","title":{"rendered":"Home"},"content":{"rendered":"<p><\/p>\n<h3>Das Landgut des Schlosses von Villers-en-Argonne und seinen Jagdhaus<\/h3>\n<p><strong>Wilkommen\u00a0auf unserer Webseite!<\/strong><\/p>\n<p>Hier finden Sie alle n\u00f6tigen Informationen \u00fcber das Landgut des Schlosses von Villers-en-Argonne, ins besondere \u00fcber das Jagdhaus.\u00a0Es verf\u00fcgt \u00fcber einen Ostfl\u00fcgel mit 3 Schlafzimmern und 2 B\u00e4dern f\u00fcr 2-6 oder 8 P.P. und einen Westfl\u00fcgel mit zwei Schlafzimmern f\u00fcr 1-4 oder 6 Personen.<\/p>\n<p>Diese Webseite wurde am 30. August 2017 aktualisiert und enth\u00e4lt nun auch eine Seite \u00fcber den neuen (seit 2015) Loft-en-Champagne, eine elegante moderne ger\u00e4umige (134m2)s Wohnung f\u00fcr 1-4 oder 7 Personen mit 3 Zimmern im 1. Stock einer der anderen Geb\u00e4ude des Schlosses, mit einem gro\u00dfen (26m2) Balkon \/ Terrasse mit Blick auf\u00a0einen gro\u00dfen gepflegten Garten mit B\u00e4umen, privat, f\u00fcr den pers\u00f6nlichen Gebrauch von nur den G\u00e4sten des Lofts.<\/p>\n<p>Ich hoffe, dass Sie sich damit ein klares Bild machen k\u00f6nnen \u00fcber einen Aufenthalt in der Region der Champagne, in einem Ferienhaus oder Loft sehr hohen Qualit\u00e4t.<\/p>\n<p>Das Jagdhaus ist Teil des Stallkomplexes eines Gutes von 6 ha mit Park und Schloss (XVI. \/ XVIII. Jahrhundert), dass \u00fcber drei Jahrhunderte der Familie von Adelbert von Chamisso geh\u00f6rte, einer der ausgezeichnetsten deutschen aber hier in Frankreich, ganz in der N\u00e4he (Schloss\u00a0<em>Boncourt<\/em>) geborenen Dichters (1781-1838), ber\u00fchmter Naturforscher und Weltumsegler; Sch\u00f6pfer von &#8222;<em>Peter Schlemihls Wundersame Geschichte<\/em>.&#8220;<\/p>\n<p>Mit zwei unabh\u00e4ngigen Wohnungen (2 bis 8 und 2 bis 6 G\u00e4ste),<strong>\u00a0die separat oder zusammen\u00a0<\/strong>vermieten werden k\u00f6nnen, ist das <strong>Jagdhaus<\/strong> luxuri\u00f6s restauriert, mit antikem Mobiliar sowie modernen Zubeh\u00f6r. Gro\u00dfe Garten, Pferdest\u00e4llen und Obstgarten (3 ha), Spielplatz mit zwei Schaukeln, Kletterger\u00fcst, Rutsche und Picknick-Ecke; Gartenmobiliar, Liegest\u00fchle und Sonnenschirme, Barbecues, Spielen, Spielzimmer mit Ping Pong, 9 Fahrr\u00e4te (3 &#8211; 18 Jahr; 2 f\u00fcr Erwachsenen).<\/p>\n<p>&nbsp;<\/p>\n<p>Der <strong>Loft-en-Champagne<\/strong> mit eigener Terrasse und privatem Hinterhof, hat aber auch Zugang zu den Fahrr\u00e4dern, Tischtennis, Spielplatz etc.<\/p>\n<p>Lage: Im Herzen des historischen und kriegsgeschichtlich (1914-1918) bedeutenden\u00a0<em>Argonne<\/em>-Waldes, 9 km von\u00a0<em>Sainte M\u00e9n\u00e9hould<\/em>, 35 km von\u00a0<em>Ch\u00e2lons en Champagne<\/em>, 45 km von\u00a0<em>Verdun<\/em>\u00a0in Lothringen, 80 km von\u00a0<em>Reims<\/em>, 200 km von\u00a0<em>Paris<\/em>.<\/p>\n<p>Ein Paradies f\u00fcr Pferde- und Jagdliebhaber (Wildschwein, Hirsch und Reh), f\u00fcr Fischen, Wandeln, Fahradfahren, und Wassersport (Lac du Der, der gr\u00f6sste Baggersee Europas, 80 km entfernt), und Golf (Parcours, 35 km entfernt).<\/p>\n<p><strong>\u00a0<\/strong><\/p>\n<p><strong>Inhalts\u00fcbersicht\u00a0(Fotos und Information):<\/strong><\/p>\n<p>&#8211; Das Schloss und der Park, seine seltsamen B\u00e4umen und, seit Mai 2011, das Swimming Pool (mit einziehbahre Deckung)<\/p>\n<p>&#8211; Der \u201ePigeonnier\u201c (Taubenstall), Relikt der vor-revolution\u00e4ren Geschichte<\/p>\n<p>&#8211; Das Jagdhaus, seine R\u00e4ume, sein grosser Garten, die Pferdest\u00e4lle, das Tischtennis&#8230;..<\/p>\n<p>&#8211; Der Loft-en-Champagne auch wohl <em>Gar\u00e7onni\u00e8re<\/em> genannt<\/p>\n<p>&#8211; Die Umgebung und dort m\u00f6glichen Aktivit\u00e4ten<\/p>\n<p>&#8211; Die Familie von Adelbert von Chamisso, der ber\u00fchmte Dichter (1781-1838), Naturforscher und Weltumsegler, ehemalige Eigent\u00fcmer des Schlosses<\/p>\n<p><strong>Ein paar Ausschnitte des G\u00e4stebuches (von deutchsprachigen G\u00e4sten).<\/strong><\/p>\n<p>&#8211; Die Preisliste und unsere Kontaktdaten<\/p>\n<p>NB : Um die Verf\u00fcgbarkeiten zu kennen, bitte ich Sie auf der niederl\u00e4ndischen Seite (Flagge oben rechts) zu klicken, in der Rubrik\u00a0\u201ePavillon de chasse App I.\u201c (2, 6 bis 8 personen) und \u201ePavillon de chasse App II.\u201c (2, 4 bis 6 personen)<\/p>\n<p><strong>Bed &amp; Breakfast \/ CHAMBRES D&#8217;HOTE<\/strong><\/p>\n<p>Ab dem 1. September 2012, besteht die M\u00f6glichkeit, ein Zimmer im Ostfl\u00fcgel des Schlosses selbst zu mieten.\u00a0Dies ist jedoch nur in besonderen F\u00e4llen m\u00f6glich.<\/p>\n<p>Es gibt drei Zimmer im ersten Stock, vollst\u00e4ndig restauriert, zwei mit antiken M\u00f6beln, die dritte und gr\u00f6\u00dfte Raum mit einem interl\u00fcbke Wand &#8211; Regal mit Fernseher, DVD-und Videowiedergabe Ausr\u00fcstung. Als Wandschmuck Gem\u00e4lde und authentischen Gravuren 16-19 Jahrhundert:<\/p>\n<p><em>Gr<\/em>\u00fc<em>nen Zimmer<\/em>\u00a0mit angrenzender Dusche und WC annexe, zwei gro\u00dfe Einzelbetten im alten Stil (Zweifler) 115 x 185\/190 cm, Sat-TV \/ Radio mit DVD-und Videowiedergabe Ausr\u00fcstung.<\/p>\n<p><em>Gelbes Zimmer<\/em>\u00a0mit angrenzender Dusche und Toilette, Louis XVI M\u00f6beln, Doppelbett (136 x 190 cm) in Alkoven, Sat-TV \/ Radio und DVD-Wiedergabeger\u00e4te.<\/p>\n<p>Blaues Napoleon Zimmer, separates Badezimmer mit WC, Empire-M\u00f6bel, Einzelbett (106 x 185 cm).<\/p>\n<p>Der Ostfl\u00fcgel hat einen eigenen Eingang.<\/p>\n<p>Alle Zimmer haben einen herrlichen Blick auf den Schlosspark.. Die G\u00e4ste haben Zugang zum Schlosspark und der Terrasse. Und\u00a0\u00a0haben Zugang zum (m\u00f6glicherweise \u00fcberdachten). Pool zu vereinbarten Zeiten .<\/p>\n<p>Das Fr\u00fchst\u00fcck ist im Speisesaal des Schlosses.<\/p>\n<p>Preise Zimmer: 120 E (2pp), 100 E (2pp) und 75 E (1pers.) pro Nacht<\/p>\n<p>&nbsp;<\/p>\n<p>Johannes C. Landman,<\/p>\n<p>2\/1\/2014 \/\/ Aktualisiert auf 30\/8\/2017<\/p>\n<p>Den Haag \/ Villers-en-Argonne<\/p>\n<p><img loading=\"lazy\" decoding=\"async\" class=\"alignnone wp-image-489\" src=\"http:\/\/chateau-de-villers-en-champagne.nl\/wp-content\/uploads\/Your-hosts-the-Landman-family-Cape-of-Good-Hope-7-12-03-kopie.jpg\" alt=\"Your hosts, the Landman family, Cape of Good Hope, 7-12-03 kopie\" width=\"654\" height=\"491\" srcset=\"https:\/\/chateau-de-villers-en-champagne.nl\/wp-content\/uploads\/Your-hosts-the-Landman-family-Cape-of-Good-Hope-7-12-03-kopie.jpg 1440w, https:\/\/chateau-de-villers-en-champagne.nl\/wp-content\/uploads\/Your-hosts-the-Landman-family-Cape-of-Good-Hope-7-12-03-kopie-300x225.jpg 300w, https:\/\/chateau-de-villers-en-champagne.nl\/wp-content\/uploads\/Your-hosts-the-Landman-family-Cape-of-Good-Hope-7-12-03-kopie-1024x768.jpg 1024w, https:\/\/chateau-de-villers-en-champagne.nl\/wp-content\/uploads\/Your-hosts-the-Landman-family-Cape-of-Good-Hope-7-12-03-kopie-399x300.jpg 399w\" sizes=\"auto, (max-width: 654px) 100vw, 654px\" \/><\/p>","protected":false},"excerpt":{"rendered":"<p>Das Landgut des Schlosses von Villers-en-Argonne und seinen Jagdhaus Wilkommen\u00a0auf unserer Webseite! Hier finden Sie alle n\u00f6tigen Informationen \u00fcber das Landgut des Schlosses von Villers-en-Argonne, ins besondere \u00fcber das Jagdhaus.\u00a0Es verf\u00fcgt \u00fcber einen Ostfl\u00fcgel mit 3 Schlafzimmern und 2 B\u00e4dern <span class=\"excerpt-dots\">&hellip;<\/span> <a class=\"more-link\" href=\"https:\/\/chateau-de-villers-en-champagne.nl\/de\/\"><span class=\"more-msg\">Weiterlesen &rarr;<\/span><\/a><\/p>\n","protected":false},"author":1,"featured_media":0,"parent":0,"menu_order":0,"comment_status":"closed","ping_status":"closed","template":"","meta":{"footnotes":""},"class_list":["post-9","page","type-page","status-publish","hentry"],"_links":{"self":[{"href":"https:\/\/chateau-de-villers-en-champagne.nl\/de\/wp-json\/wp\/v2\/pages\/9","targetHints":{"allow":["GET"]}}],"collection":[{"href":"https:\/\/chateau-de-villers-en-champagne.nl\/de\/wp-json\/wp\/v2\/pages"}],"about":[{"href":"https:\/\/chateau-de-villers-en-champagne.nl\/de\/wp-json\/wp\/v2\/types\/page"}],"author":[{"embeddable":true,"href":"https:\/\/chateau-de-villers-en-champagne.nl\/de\/wp-json\/wp\/v2\/users\/1"}],"replies":[{"embeddable":true,"href":"https:\/\/chateau-de-villers-en-champagne.nl\/de\/wp-json\/wp\/v2\/comments?post=9"}],"version-history":[{"count":37,"href":"https:\/\/chateau-de-villers-en-champagne.nl\/de\/wp-json\/wp\/v2\/pages\/9\/revisions"}],"predecessor-version":[{"id":586,"href":"https:\/\/chateau-de-villers-en-champagne.nl\/de\/wp-json\/wp\/v2\/pages\/9\/revisions\/586"}],"wp:attachment":[{"href":"https:\/\/chateau-de-villers-en-champagne.nl\/de\/wp-json\/wp\/v2\/media?parent=9"}],"curies":[{"name":"wp","href":"https:\/\/api.w.org\/{rel}","templated":true}]}}