{"id":156,"date":"2013-11-20T21:09:21","date_gmt":"2013-11-20T21:09:21","guid":{"rendered":"http:\/\/chateau-de-villers-en-champagne.nl\/?page_id=156"},"modified":"2014-03-01T19:32:52","modified_gmt":"2014-03-01T19:32:52","slug":"chateau-park-en-zwembad","status":"publish","type":"page","link":"https:\/\/chateau-de-villers-en-champagne.nl\/fr\/chateau-park-en-zwembad\/","title":{"rendered":"Le ch\u00e2teau, le parc et la piscine"},"content":{"rendered":"<p><img decoding=\"async\" alt=\"\" src=\"http:\/\/chateau-de-villers-en-champagne.nl\/wp-content\/uploads\/Le-chateau-Villers-circa-1900.jpg\" width=\"690\"  \/><br \/>\nLe ch\u00e2teau de Villers autour de 1900<br \/>\n<br \/>\n<img loading=\"lazy\" decoding=\"async\" alt=\"\" src=\"http:\/\/chateau-de-villers-en-champagne.nl\/wp-content\/uploads\/CIMG2230bis.jpg\" width=\"690\" height=\"518\" \/><br \/>\nLe ch\u00e2teau de Villers aujourd&rsquo;hui<br \/>\n<br \/>\n<img loading=\"lazy\" decoding=\"async\" alt=\"\" src=\"http:\/\/chateau-de-villers-en-champagne.nl\/wp-content\/uploads\/16_Acc__s_au_parc__portail_des_sangliers.jpg\" width=\"690\" height=\"518\" \/><br \/>\nLe portail des sangliers. Vue du Ch\u00e2teau en hiver<br \/>\n<br \/>\n<img loading=\"lazy\" decoding=\"async\" alt=\"\" src=\"http:\/\/chateau-de-villers-en-champagne.nl\/wp-content\/uploads\/14_acc__s_au_domaine_portail_des_lions.jpg\" width=\"690\" height=\"518\" \/><br \/>\nLe portail des Lions. Entr\u00e9e de la propri\u00e9t\u00e9<br \/>\n<br \/>\n<img loading=\"lazy\" decoding=\"async\" alt=\"\" src=\"http:\/\/chateau-de-villers-en-champagne.nl\/wp-content\/uploads\/DSCN0174bis.jpg\" width=\"690\" height=\"518\" \/><br \/>\nPiscine ouverte<br \/>\n<br \/>\n<img loading=\"lazy\" decoding=\"async\" alt=\"\" src=\"http:\/\/chateau-de-villers-en-champagne.nl\/wp-content\/uploads\/zwembad2.jpg\" width=\"690\" height=\"413\" \/><br \/>\nPiscine couverte<br \/>\n<br \/>\n<img loading=\"lazy\" decoding=\"async\" alt=\"\" src=\"http:\/\/chateau-de-villers-en-champagne.nl\/wp-content\/uploads\/LAST_PICTURES_VILLERS_STRASBOURG_053.jpg\" width=\"690\" height=\"518\" \/><br \/>\nVue du parc et pigeonnier<br \/>\n<br \/>\n<img loading=\"lazy\" decoding=\"async\" alt=\"\" src=\"http:\/\/chateau-de-villers-en-champagne.nl\/wp-content\/uploads\/844bis.jpg\" width=\"690\" height=\"920\" \/><br \/>\n \u00ab\u00a0Faux \u00eatre\u00a0\u00bb. Un esp\u00e8ce rare. Il y en a deux dans le parc.<br \/>\n<br \/>\n<img loading=\"lazy\" decoding=\"async\" alt=\"\" src=\"http:\/\/chateau-de-villers-en-champagne.nl\/wp-content\/uploads\/941bis.jpg\" width=\"690\" height=\"920\" \/><br \/>\n\u00ab\u00a0Faux \u00eatre\u00a0\u00bb vu de l&rsquo;ext\u00e9rieur<\/p>","protected":false},"excerpt":{"rendered":"<p>Le ch\u00e2teau de Villers autour de 1900 Le ch\u00e2teau de Villers aujourd&rsquo;hui Le portail des sangliers. Vue du Ch\u00e2teau en hiver Le portail des Lions. Entr\u00e9e de la propri\u00e9t\u00e9 Piscine ouverte Piscine couverte Vue du parc et pigeonnier \u00ab\u00a0Faux \u00eatre\u00a0\u00bb. <span class=\"excerpt-dots\">&hellip;<\/span> <a class=\"more-link\" href=\"https:\/\/chateau-de-villers-en-champagne.nl\/fr\/chateau-park-en-zwembad\/\"><span class=\"more-msg\">Lire la suite &rarr;<\/span><\/a><\/p>\n","protected":false},"author":1,"featured_media":0,"parent":0,"menu_order":0,"comment_status":"closed","ping_status":"closed","template":"","meta":{"footnotes":""},"class_list":["post-156","page","type-page","status-publish","hentry"],"_links":{"self":[{"href":"https:\/\/chateau-de-villers-en-champagne.nl\/fr\/wp-json\/wp\/v2\/pages\/156","targetHints":{"allow":["GET"]}}],"collection":[{"href":"https:\/\/chateau-de-villers-en-champagne.nl\/fr\/wp-json\/wp\/v2\/pages"}],"about":[{"href":"https:\/\/chateau-de-villers-en-champagne.nl\/fr\/wp-json\/wp\/v2\/types\/page"}],"author":[{"embeddable":true,"href":"https:\/\/chateau-de-villers-en-champagne.nl\/fr\/wp-json\/wp\/v2\/users\/1"}],"replies":[{"embeddable":true,"href":"https:\/\/chateau-de-villers-en-champagne.nl\/fr\/wp-json\/wp\/v2\/comments?post=156"}],"version-history":[{"count":7,"href":"https:\/\/chateau-de-villers-en-champagne.nl\/fr\/wp-json\/wp\/v2\/pages\/156\/revisions"}],"predecessor-version":[{"id":159,"href":"https:\/\/chateau-de-villers-en-champagne.nl\/fr\/wp-json\/wp\/v2\/pages\/156\/revisions\/159"}],"wp:attachment":[{"href":"https:\/\/chateau-de-villers-en-champagne.nl\/fr\/wp-json\/wp\/v2\/media?parent=156"}],"curies":[{"name":"wp","href":"https:\/\/api.w.org\/{rel}","templated":true}]}}