{"id":209,"date":"2013-11-24T16:10:08","date_gmt":"2013-11-24T16:10:08","guid":{"rendered":"http:\/\/chateau-de-villers-en-champagne.nl\/?page_id=209"},"modified":"2017-08-30T01:47:18","modified_gmt":"2017-08-29T23:47:18","slug":"tarieven-beschikbaarheid-en-contactgegevens","status":"publish","type":"page","link":"https:\/\/chateau-de-villers-en-champagne.nl\/fr\/tarieven-beschikbaarheid-en-contactgegevens\/","title":{"rendered":"Tarifs, Disponibilit\u00e9 et Contacts"},"content":{"rendered":"<p><\/p>\n<h3><strong>I. Aile Est<\/strong><\/h3>\n<p>(2 \u2013 8 pers.(s\u00e9jour avec canap\u00e9-lit).<\/p>\n<table style=\"width: 100%;\">\n<tbody>\n<tr>\n<td style=\"width: 50%;\">\n<table style=\"vertical-align: top; align: left; border: 0;\">\n<tbody>\n<tr>\n<td style=\"border: 0px solid #f0f0f0; font-size: 12px;\">Capacit\u00e9:<\/td>\n<td style=\"border: 0px solid #f0f0f0; font-size: 12px;\">8<\/td>\n<\/tr>\n<tr>\n<td style=\"border: 0px solid #f0f0f0; font-size: 12px;\">Chambres:<\/td>\n<td style=\"border: 0px solid #f0f0f0; font-size: 12px;\">3<\/td>\n<\/tr>\n<tr>\n<td style=\"border: 0px solid #f0f0f0; font-size: 12px;\">Lits doubles:<\/td>\n<td style=\"border: 0px solid #f0f0f0; font-size: 12px;\">2<\/td>\n<\/tr>\n<tr>\n<td style=\"border: 0px solid #f0f0f0; font-size: 12px;\">Lits simples:<\/td>\n<td style=\"border: 0px solid #f0f0f0; font-size: 12px;\">4<\/td>\n<\/tr>\n<tr>\n<td style=\"border: 0px solid #f0f0f0; font-size: 12px;\">Salles de bain:<\/td>\n<td style=\"border: 0px solid #f0f0f0; font-size: 12px;\">2<\/td>\n<\/tr>\n<\/tbody>\n<\/table>\n<\/td>\n<td>Tarifs par semaine<\/p>\n<table style=\"vertical-align: top; border: 0;\">\n<tbody>\n<tr>\n<td style=\"border: 0px solid #f0f0f0; font-size: 12px;\">Basse saison:<\/td>\n<td style=\"border: 0px solid #f0f0f0; font-size: 12px; text-align: right;\">\u20ac 500,-<\/td>\n<\/tr>\n<tr>\n<td style=\"border: 0px solid #f0f0f0; font-size: 12px;\">Moyenne saison:<\/td>\n<td style=\"border: 0px solid #f0f0f0; font-size: 12px; text-align: right;\">\u20ac 750,-<\/td>\n<\/tr>\n<tr>\n<td style=\"border: 0px solid #f0f0f0; font-size: 12px;\">Haute saison:<\/td>\n<td style=\"border: 0px solid #f0f0f0; font-size: 12px; text-align: right;\">\u20ac 1.150,-<\/td>\n<\/tr>\n<\/tbody>\n<\/table>\n<\/td>\n<\/tr>\n<\/tbody>\n<\/table>\n<p>S\u00e9jour avec chemin\u00e9e de pierre de taille (37,4m2) + Cuisine (4m2), deux toilettes, deux salles de bain et trois chambres \u00e0 coucher.<\/p>\n<p>Libre acc\u00e8s au parc du ch\u00e2teau et piscine.<\/p>\n<p>Gardien et femme de m\u00e9nage disponible. Garage et \u00e9curie \u00e0 cheval \u00e0 disposition.<br \/>\n<iframe loading=\"lazy\" style=\"width: 580px; height: 340px;\" src=\"https:\/\/www.gites.nl\/tehuur\/1091\/embed\" width=\"320\" height=\"240\" frameborder=\"0\" scrolling=\"0\"><\/iframe><\/p>\n<h3><strong>II. Aile Ouest<\/strong><\/h3>\n<p>(2 \u2013 6 pers. S\u00e9jour avec canap\u00e9-lit).<\/p>\n<table style=\"width: 100%;\">\n<tbody>\n<tr>\n<td style=\"width: 50%;\">\n<table style=\"vertical-align: top; align: left; border: 0;\">\n<tbody>\n<tr>\n<td style=\"border: 0px solid #f0f0f0; font-size: 12px;\">Capacit\u00e9:<\/td>\n<td style=\"border: 0px solid #f0f0f0; font-size: 12px;\">6<\/td>\n<\/tr>\n<tr>\n<td style=\"border: 0px solid #f0f0f0; font-size: 12px;\">Chambres:<\/td>\n<td style=\"border: 0px solid #f0f0f0; font-size: 12px;\">2<\/td>\n<\/tr>\n<tr>\n<td style=\"border: 0px solid #f0f0f0; font-size: 12px;\">Lits doubles:<\/td>\n<td style=\"border: 0px solid #f0f0f0; font-size: 12px;\">1<\/td>\n<\/tr>\n<tr>\n<td style=\"border: 0px solid #f0f0f0; font-size: 12px;\">Lits simples:<\/td>\n<td style=\"border: 0px solid #f0f0f0; font-size: 12px;\">2<\/td>\n<\/tr>\n<tr>\n<td style=\"border: 0px solid #f0f0f0; font-size: 12px;\">Salles de bain:<\/td>\n<td style=\"border: 0px solid #f0f0f0; font-size: 12px;\">1<\/td>\n<\/tr>\n<\/tbody>\n<\/table>\n<\/td>\n<td>Tarifs par semaine<\/p>\n<table style=\"vertical-align: top; border: 0;\">\n<tbody>\n<tr>\n<td style=\"border: 0px solid #f0f0f0; font-size: 12px;\">Basse saison:<\/td>\n<td style=\"border: 0px solid #f0f0f0; font-size: 12px; text-align: right;\">\u20ac 350,-<\/td>\n<\/tr>\n<tr>\n<td style=\"border: 0px solid #f0f0f0; font-size: 12px;\">Moyenne saison:<\/td>\n<td style=\"border: 0px solid #f0f0f0; font-size: 12px; text-align: right;\">\u20ac 450,-<\/td>\n<\/tr>\n<tr>\n<td style=\"border: 0px solid #f0f0f0; font-size: 12px;\">Haute saison:<\/td>\n<td style=\"border: 0px solid #f0f0f0; font-size: 12px; text-align: right;\">\u20ac 550,-<\/td>\n<\/tr>\n<\/tbody>\n<\/table>\n<\/td>\n<\/tr>\n<\/tbody>\n<\/table>\n<p>S\u00e9jour-cuisine avec chemin\u00e9e de pierre de taille (35.6m\u00b2 ), deux toilettes, un salle de bains, deux chambres \u00e0 coucher.<\/p>\n<p>Gardien et femme de m\u00e9nage disponible. Garage et \u00e9curie \u00e0 disposition.<br \/>\n<iframe loading=\"lazy\" style=\"width: 580px; height: 340px;\" src=\"https:\/\/www.gites.nl\/tehuur\/1029\/embed\" width=\"320\" height=\"240\" frameborder=\"0\" scrolling=\"0\"><\/iframe><\/p>\n<p>&nbsp;<\/p>\n<p><strong><span style=\"text-decoration: underline;\">Contacts<\/span><\/strong><\/p>\n<p>Tel.\u00a000 33 3 2660 6209<\/p>\n<p>Mobile 00 33 6 9528 9774<\/p>\n<p>E-Mail:\u00a0<a href=\"mailto:jc.landman@hotmail.com\"><strong>jc.landman@hotmail.com<\/strong><\/a><\/p>\n<p><a href=\"https:\/\/www.gites.nl\/adverteerder\/894\/verhuur\" target=\"_blank\" rel=\"noopener\"><img loading=\"lazy\" decoding=\"async\" class=\"alignnone wp-image-406\" src=\"http:\/\/chateau-de-villers-en-champagne.nl\/wp-content\/uploads\/gites_logo-300x81.png\" alt=\"gites_logo\" width=\"150\" height=\"40\" srcset=\"https:\/\/chateau-de-villers-en-champagne.nl\/wp-content\/uploads\/gites_logo-300x81.png 300w, https:\/\/chateau-de-villers-en-champagne.nl\/wp-content\/uploads\/gites_logo-500x136.png 500w, https:\/\/chateau-de-villers-en-champagne.nl\/wp-content\/uploads\/gites_logo.png 611w\" sizes=\"auto, (max-width: 150px) 100vw, 150px\" \/><\/a>\u00a0 \u00a0<a href=\"http:\/\/www.tripadvisor.com\/RentalPropertyManager-a_manager.78748\" target=\"_blank\" rel=\"noopener\"><img loading=\"lazy\" decoding=\"async\" class=\"alignnone size-full wp-image-403\" src=\"http:\/\/chateau-de-villers-en-champagne.nl\/wp-content\/uploads\/trip-advisor.gif\" alt=\"trip advisor\" width=\"148\" height=\"44\" \/><\/a>\u00a0 \u00a0<a href=\"http:\/\/www.flipkey.com\/villers-en-argonne-vacation-rentals\/g1556461\/\" target=\"_blank\" rel=\"noopener\"><img loading=\"lazy\" decoding=\"async\" class=\"alignnone wp-image-405\" src=\"http:\/\/chateau-de-villers-en-champagne.nl\/wp-content\/uploads\/rates-excellent.png\" alt=\"rates excellent\" width=\"129\" height=\"50\" srcset=\"https:\/\/chateau-de-villers-en-champagne.nl\/wp-content\/uploads\/rates-excellent.png 152w, https:\/\/chateau-de-villers-en-champagne.nl\/wp-content\/uploads\/rates-excellent-150x59.png 150w\" sizes=\"auto, (max-width: 129px) 100vw, 129px\" \/><\/a> <a href=\"http:\/\/www.frenchconnections.co.uk\/en\/accommodation\/property\/150944?u_id=150945\" target=\"_blank\" rel=\"noopener\"><img loading=\"lazy\" decoding=\"async\" class=\"alignnone wp-image-409\" src=\"http:\/\/chateau-de-villers-en-champagne.nl\/wp-content\/uploads\/fc_logo_sm.gif\" alt=\"fc_logo_sm\" width=\"102\" height=\"60\" \/><\/a><\/p>","protected":false},"excerpt":{"rendered":"<p>I. Aile Est (2 \u2013 8 pers.(s\u00e9jour avec canap\u00e9-lit). Capacit\u00e9: 8 Chambres: 3 Lits doubles: 2 Lits simples: 4 Salles de bain: 2 Tarifs par semaine Basse saison: \u20ac 500,- Moyenne saison: \u20ac 750,- Haute saison: \u20ac 1.150,- S\u00e9jour avec <span class=\"excerpt-dots\">&hellip;<\/span> <a class=\"more-link\" href=\"https:\/\/chateau-de-villers-en-champagne.nl\/fr\/tarieven-beschikbaarheid-en-contactgegevens\/\"><span class=\"more-msg\">Lire la suite &rarr;<\/span><\/a><\/p>\n","protected":false},"author":1,"featured_media":0,"parent":0,"menu_order":0,"comment_status":"closed","ping_status":"closed","template":"","meta":{"footnotes":""},"class_list":["post-209","page","type-page","status-publish","hentry"],"_links":{"self":[{"href":"https:\/\/chateau-de-villers-en-champagne.nl\/fr\/wp-json\/wp\/v2\/pages\/209","targetHints":{"allow":["GET"]}}],"collection":[{"href":"https:\/\/chateau-de-villers-en-champagne.nl\/fr\/wp-json\/wp\/v2\/pages"}],"about":[{"href":"https:\/\/chateau-de-villers-en-champagne.nl\/fr\/wp-json\/wp\/v2\/types\/page"}],"author":[{"embeddable":true,"href":"https:\/\/chateau-de-villers-en-champagne.nl\/fr\/wp-json\/wp\/v2\/users\/1"}],"replies":[{"embeddable":true,"href":"https:\/\/chateau-de-villers-en-champagne.nl\/fr\/wp-json\/wp\/v2\/comments?post=209"}],"version-history":[{"count":50,"href":"https:\/\/chateau-de-villers-en-champagne.nl\/fr\/wp-json\/wp\/v2\/pages\/209\/revisions"}],"predecessor-version":[{"id":591,"href":"https:\/\/chateau-de-villers-en-champagne.nl\/fr\/wp-json\/wp\/v2\/pages\/209\/revisions\/591"}],"wp:attachment":[{"href":"https:\/\/chateau-de-villers-en-champagne.nl\/fr\/wp-json\/wp\/v2\/media?parent=209"}],"curies":[{"name":"wp","href":"https:\/\/api.w.org\/{rel}","templated":true}]}}