{"id":263,"date":"2013-11-25T19:30:10","date_gmt":"2013-11-25T19:30:10","guid":{"rendered":"http:\/\/chateau-de-villers-en-champagne.nl\/?page_id=263"},"modified":"2019-09-02T15:14:47","modified_gmt":"2019-09-02T13:14:47","slug":"gastenboek-deel-i","status":"publish","type":"page","link":"https:\/\/chateau-de-villers-en-champagne.nl\/fr\/gastenboek-deel-i\/","title":{"rendered":"Livre d&rsquo;h\u00f4tes"},"content":{"rendered":"<p>Pour vous donner une premi\u00e8re impression d\u2019un s\u00e9jour dans les pavillons de chasse, voici quelques extraits du livre d\u2019h\u00f4tes.<\/p>\n<p><strong>1) Aile Ouest 27\/12 &#8211; 3\/1 2011, Claude, Sylvie, et Eden et Laurent avec leur chien Tom<\/strong><\/p>\n<p>Tres cher monsieur Landman, merci beaucoup pour votre accueil et pour toutes les attentions que vous nous avez manifestees. Nous avons vraiment apprecie ce logement. Nous pensons tres sincerement revenir chez vous.\u2028Felicitations pour vos gardiens, pour leur disponibilite et leur sensibilit\u00e9.<\/p>\n<p><strong>2) Aile Est 28 Dec. &#8211; 2 Janvier 2011, Jane Hubert, Universit\u00e9 Reims<\/strong><\/p>\n<p>Bonjour Monsieur Landman,\u2028Nous avons passe un tres agreable sejour dans votre pavillon de chasse II.\u2028L&rsquo;interieur etait tres confortable aussi bien pour les adultes que pour les petits (Nous etions 2 familles).<\/p>\n<p>Nous en avons profite pour nous reposer\/retrouver au coin du feu entre amis et avons, malgre les conditions exterieures, tout de meme explore un peu les environs du village.<\/p>\n<p>Nous esperons avoir laisser le g\u00eete aussi propre que lorsque nous sommes arrives. Merci pour votre accueil.<\/p>\n<p>Sinc\u00e8rement,<\/p>\n<p><strong>3) Aile Est 15 Avril Clotilde Breijdel, Silvia Steisel, Marguerite de Crayencourt, Gregoire Nolet, Edouard de Merode, Maximilien Deudon et le cheval Regali, Bruxelles<\/strong><\/p>\n<p>Cher Monsieur,<\/p>\n<p>Encore un tout franc merci pour votre accueil dans votre gite!<\/p>\n<p>Ce fut un repere ideal pour les cavaliers et les chevaux apres une belle journee de chasse a courre en foret d&rsquo;Argonne !<\/p>\n<p>Nous esp\u00e9rons \u00e0 l&rsquo;annee prochaine!<\/p>\n<p><strong>4) Aile Est 27 Oct. \u2013 3 Nov. 2011 Famille Helfer \/ Paquet<\/strong><\/p>\n<p>Nous avons beaucoup appr\u00e9ci\u00e9 cette semaine dans votre belle r\u00e9gion. Beaucoup de repos et quelques visites de la r\u00e9gion. Nous reviendrons sans doute pour poursuivre sur les traces du pass\u00e9.<\/p>\n<p>Le gite fort chaleureux a \u00e9t\u00e9 aussi beaucoup appr\u00e9ci\u00e9 par notre famille. Merci a Mr. Landman pour cette visite si particuli\u00e8re de son domaine et de son tr\u00e8s bon champagne. Merci a Mme Noel pour son accueil.<\/p>\n<p><strong>5) Aile Ouest \u00a025 \u2013 31 Aout 2012, Mme &amp;Mr Nicolas, Les Sables-D\u2019Olonne, 85 Vendee<\/strong><\/p>\n<p>Villers toujours le bonheur ! Ce cadre verdoyant nous ravit toujours autant\u2026.des arbres magnifiques nous entournant, le gite tellement bien d\u00e9cor\u00e9.C\u2019est toujours aussi accueillant, tout comme la famille No\u00ebl tellement seviable et \u00e0 l\u2019\u00e9coute de nos besoins. Claire et Julliette, nos petites filles, ne se lassent pas, leurs meilleures vacances, c\u201dest toujours Villers !! Merci encore de nous donner autant de joie, merci a tous.<\/p>\n<p><strong>6) L\u2019aile Ouest (AppII) 23 \u2013 30 Mars 2013 Mme Cipolat et M De Coster, Le Lot<\/strong><\/p>\n<p>Nous avons une semaine pour revoir nos prohes et avons choisi ce g\u00eete pour nous poser, c\u2019est un grand plaisir. Que du Bonheur, calme, et am\u00e9nag\u00e9 avec beaucoup de gout.<\/p>\n<p>Cela nous a permis de d\u00e9couvrir cette belle propri\u00e9t\u00e9 !<\/p>\n<p>Merci \u00e0 Monsieur Landman d\u2019avoir accept\u00e9 notre chien qui \u00e9tait ravi lui aussi. Merci \u00e0 M et Mme Noel pour leur accueil et sympathie.<\/p>\n<p>Nous avons trouv\u00e9 notre pied \u00e0 terre lorsque nous aurons besoin de revenir dans la Marne \u2013 nous repartons dans notre r\u00e9gion d\u2019adoption Le Lot, Cahors.<\/p>\n<p><strong>7) Aile Ouest 11 \u2013 18 Mai 2013 Fam.Lobarateau, Tours<\/strong><\/p>\n<p>Bon s\u00e9jour en Champagne Ardennes. Bon accueil. Merci.<\/p>\n<p><strong>8) Aile Ouest 10 \u201314 Juin 2013 Chantal Salmon (Eure et Loir) et V\u00e9ronique Salmon<\/strong><\/p>\n<p>Merci Monsieur Landman de nous avoir permis de passer quelques jours avec nos deux chiens dans votre g\u00eete magnifiquement renov\u00e9 et tr\u00e8s accueillant.<\/p>\n<p>Merci aussi pour votre visite qui nous a touch\u00e9.<\/p>\n<p>Nous avons apprci\u00e9 le calme, le charme de cette r\u00e9gion si ch\u00e8re \u00e0 mon coeur et charg\u00e9 de souvenirs \u2013 et nous avons gout\u00e9 chaque seconde pass\u00e9 aupr\u00e8s de notre famille.<\/p>\n<p>Merci \u00e0 Monsieur et Madame Noel pour leur accueil; nous avons apprci\u00e9 les salads du jardin! Nous esp\u00e9rons pouvoir revenir; alors \u00e0 une prochaine fois peut-etre !<\/p>\n<p><strong>9) L\u2019aile Ouest 17-23 Ao\u00fbt 2013, Christiane et Jean-Paul Petit et leur petit-fils Baptiste, Montblanc, Herault<\/strong><\/p>\n<p>C\u2019est au hazard du site GDF que nous avons choisi le Rendez-vous de Chasse et nous ne le regrettons pas. Le cadre du chateau est magnifique, paisible, reposant. Nous avons particuli\u00e8rement aim\u00e9 le reveil au chant du coq. J\u2019ai tr\u00e8s appr\u00e9ci\u00e9 aussi le contact avec M. Landman que j\u2019ai trouv\u00e9 simple, accueillant, chaleureux et soucieux de nous \u00eatre agr\u00e9able. Merci pour les livres pr\u00eat\u00e9s et pour l\u2019attention au d\u00e9sir de notre petit-fils. J\u2019ai amen\u00e9 mon petit-fils sur les lieux o\u00f9 son arri\u00e8re-arri\u00e8re grand-p\u00e8re avait combattu de 1914 \u00e0 1918 \u2013 Avocourt, Massiges, Vauquois, Perthes-les-Hurlus, Verdun. Ce fut tr\u00e8s \u00e9mouvant pour moi. Mais tout en remontant le temps sur les traces du pass\u00e9, j\u2019ai d\u00e9couvert une magnifique region et des gens charmants,<\/p>\n<p>Je garde pr\u00e9cieusement le souvenir des magnifiques arbres du chateau et de ce ch\u00eane qui tr\u00f4ne \u00e0 l\u2019entr\u00e9e de Villers-en-Argonne. Nous repartons vers notre Languedoc surpeupl\u00e9 en \u00e9t\u00e9 avec la volont\u00e9 de revenir un jour chez vous, M. Landman.<\/p>\n<p>Avec toute notre sympathie. Merci aussi \u00e0 M. et Mme No\u00ebl.<\/p>\n<p><\/p>","protected":false},"excerpt":{"rendered":"<p>Pour vous donner une premi\u00e8re impression d\u2019un s\u00e9jour dans les pavillons de chasse, voici quelques extraits du livre d\u2019h\u00f4tes. 1) Aile Ouest 27\/12 &#8211; 3\/1 2011, Claude, Sylvie, et Eden et Laurent avec leur chien Tom Tres cher monsieur Landman, <span class=\"excerpt-dots\">&hellip;<\/span> <a class=\"more-link\" href=\"https:\/\/chateau-de-villers-en-champagne.nl\/fr\/gastenboek-deel-i\/\"><span class=\"more-msg\">Lire la suite &rarr;<\/span><\/a><\/p>\n","protected":false},"author":1,"featured_media":0,"parent":0,"menu_order":0,"comment_status":"closed","ping_status":"closed","template":"","meta":{"footnotes":""},"class_list":["post-263","page","type-page","status-publish","hentry"],"_links":{"self":[{"href":"https:\/\/chateau-de-villers-en-champagne.nl\/fr\/wp-json\/wp\/v2\/pages\/263","targetHints":{"allow":["GET"]}}],"collection":[{"href":"https:\/\/chateau-de-villers-en-champagne.nl\/fr\/wp-json\/wp\/v2\/pages"}],"about":[{"href":"https:\/\/chateau-de-villers-en-champagne.nl\/fr\/wp-json\/wp\/v2\/types\/page"}],"author":[{"embeddable":true,"href":"https:\/\/chateau-de-villers-en-champagne.nl\/fr\/wp-json\/wp\/v2\/users\/1"}],"replies":[{"embeddable":true,"href":"https:\/\/chateau-de-villers-en-champagne.nl\/fr\/wp-json\/wp\/v2\/comments?post=263"}],"version-history":[{"count":15,"href":"https:\/\/chateau-de-villers-en-champagne.nl\/fr\/wp-json\/wp\/v2\/pages\/263\/revisions"}],"predecessor-version":[{"id":601,"href":"https:\/\/chateau-de-villers-en-champagne.nl\/fr\/wp-json\/wp\/v2\/pages\/263\/revisions\/601"}],"wp:attachment":[{"href":"https:\/\/chateau-de-villers-en-champagne.nl\/fr\/wp-json\/wp\/v2\/media?parent=263"}],"curies":[{"name":"wp","href":"https:\/\/api.w.org\/{rel}","templated":true}]}}